{"id":10,"date":"2026-02-09T17:30:21","date_gmt":"2026-02-09T17:30:21","guid":{"rendered":"https:\/\/gozanenasl.rkinformatika.online\/?page_id=10"},"modified":"2026-02-24T12:35:09","modified_gmt":"2026-02-24T12:35:09","slug":"inicio","status":"publish","type":"page","link":"https:\/\/gozanenasl.com\/eu\/","title":{"rendered":"Hasiera"},"content":{"rendered":"<div data-elementor-type=\"wp-page\" data-elementor-id=\"10\" class=\"elementor elementor-10\" data-elementor-post-type=\"page\">\n\t\t\t\t<div class=\"elementor-element elementor-element-7d980ab e-flex e-con-boxed e-con e-parent\" data-id=\"7d980ab\" data-element_type=\"container\" data-e-type=\"container\" data-settings=\"{&quot;background_background&quot;:&quot;classic&quot;}\">\n\t\t\t\t\t<div class=\"e-con-inner\">\n\t\t\t\t<div class=\"elementor-element elementor-element-657b88b elementor-invisible elementor-widget elementor-widget-heading\" data-id=\"657b88b\" data-element_type=\"widget\" data-e-type=\"widget\" data-settings=\"{&quot;_animation&quot;:&quot;fadeInDown&quot;}\" data-widget_type=\"heading.default\">\n\t\t\t\t\t<h1 class=\"elementor-heading-title elementor-size-default\">BAR GOZANENA<\/h1>\t\t\t\t<\/div>\n\t\t\t\t\t<\/div>\n\t\t\t\t<\/div>\n\t\t<div class=\"elementor-element elementor-element-1a18a4b e-flex e-con-boxed e-con e-parent\" data-id=\"1a18a4b\" data-element_type=\"container\" data-e-type=\"container\" data-settings=\"{&quot;background_background&quot;:&quot;classic&quot;}\">\n\t\t\t\t\t<div class=\"e-con-inner\">\n\t\t<div class=\"elementor-element elementor-element-71648cf e-con-full e-flex e-con e-child\" data-id=\"71648cf\" data-element_type=\"container\" data-e-type=\"container\" data-settings=\"{&quot;background_background&quot;:&quot;classic&quot;}\">\n\t\t\t\t<div class=\"elementor-element elementor-element-c181b6a elementor-widget elementor-widget-heading\" data-id=\"c181b6a\" data-element_type=\"widget\" data-e-type=\"widget\" data-widget_type=\"heading.default\">\n\t\t\t\t\t<h2 class=\"elementor-heading-title elementor-size-default\">GURI BURUZ<\/h2>\t\t\t\t<\/div>\n\t\t\t\t<div class=\"elementor-element elementor-element-ee92453 elementor-widget elementor-widget-text-editor\" data-id=\"ee92453\" data-element_type=\"widget\" data-e-type=\"widget\" data-widget_type=\"text-editor.default\">\n\t\t\t\t\t\t\t\t\t<p>Larratxoko Erretiratuen Elkartearen bihotzean, gure tabernak kalitatezko elikadura eskaintzen du gertuko eta familiako giroan. Urteak daramatzagu gure produktuak dastatzen dituzun bitartean une onez gozatzeko espazio bat sortzen ahalegintzen.<\/p><p>Gure proposamenak pintxo beroak, errazioak, kazolatxoak, plater konbinatuak, ogitartekoak, tortillak eta oilasko erreak ditu enkarguz, eta eguneko menu bat ere bai, gustu guztietarako pentsatua. Plater bakoitza arretaz eta arretaz prestatuta dago, denek ezagutzen eta gozatzen dituzten zapore tradizionaletara egokituta.<\/p><p>Zatoz gu bisitatzera eta ezagutu etxeko janaria, tratu ona eta gure ezaugarri den erosotasuna. Zain gaituzu!<\/p>\t\t\t\t\t\t\t\t<\/div>\n\t\t\t\t<\/div>\n\t\t\t\t\t<\/div>\n\t\t\t\t<\/div>\n\t\t<div class=\"elementor-element elementor-element-2ce4572 e-flex e-con-boxed e-con e-parent\" data-id=\"2ce4572\" data-element_type=\"container\" data-e-type=\"container\" data-settings=\"{&quot;background_background&quot;:&quot;classic&quot;}\">\n\t\t\t\t\t<div class=\"e-con-inner\">\n\t\t<div class=\"elementor-element elementor-element-ef87379 e-con-full e-flex e-con e-child\" data-id=\"ef87379\" data-element_type=\"container\" data-e-type=\"container\" data-settings=\"{&quot;background_background&quot;:&quot;classic&quot;}\">\n\t\t\t\t<div class=\"elementor-element elementor-element-4a6d745 elementor-widget elementor-widget-heading\" data-id=\"4a6d745\" data-element_type=\"widget\" data-e-type=\"widget\" data-widget_type=\"heading.default\">\n\t\t\t\t\t<h2 class=\"elementor-heading-title elementor-size-default\">Errazioak, pintxoak eta gehiago... elkarrekin uneak partekatzeko!<\/h2>\t\t\t\t<\/div>\n\t\t\t\t<div class=\"elementor-element elementor-element-8b6d4d0 elementor-widget elementor-widget-button\" data-id=\"8b6d4d0\" data-element_type=\"widget\" data-e-type=\"widget\" data-widget_type=\"button.default\">\n\t\t\t\t\t\t\t\t\t\t<a class=\"elementor-button elementor-button-link elementor-size-sm elementor-animation-push\" href=\"\/eu\/servicios\/\">\n\t\t\t\t\t\t<span class=\"elementor-button-content-wrapper\">\n\t\t\t\t\t\t\t\t\t<span class=\"elementor-button-text\">Zerbitzuak<\/span>\n\t\t\t\t\t<\/span>\n\t\t\t\t\t<\/a>\n\t\t\t\t\t\t\t\t<\/div>\n\t\t\t\t<\/div>\n\t\t\t\t\t<\/div>\n\t\t\t\t<\/div>\n\t\t\t\t<\/div>","protected":false},"excerpt":{"rendered":"<p>BAR GOZANENA SOBRE NOSOTROS En pleno coraz\u00f3n de la Asociaci\u00f3n de Jubilados de Larratxo, nuestro bar se dedica a ofrecer alimentaci\u00f3n de calidad en un ambiente cercano y familiar. Desde hace a\u00f1os, nos esforzamos por crear un espacio donde disfrutar de buenos momentos mientras saboreas nuestros productos. Nuestra propuesta incluye pintxos calientes, raciones, cazuelitas, platos [&hellip;]<\/p>\n","protected":false},"author":1,"featured_media":0,"parent":0,"menu_order":0,"comment_status":"closed","ping_status":"closed","template":"elementor_canvas","meta":{"footnotes":""},"class_list":["post-10","page","type-page","status-publish","hentry"],"yoast_head":"<!-- This site is optimized with the Yoast SEO plugin v27.3 - https:\/\/yoast.com\/product\/yoast-seo-wordpress\/ -->\n<title>Inicio - Gozanena SL<\/title>\n<meta name=\"robots\" content=\"index, follow, max-snippet:-1, max-image-preview:large, max-video-preview:-1\" \/>\n<link rel=\"canonical\" href=\"https:\/\/gozanenasl.com\/eu\/\" \/>\n<meta property=\"og:locale\" content=\"en_US\" \/>\n<meta property=\"og:type\" content=\"article\" \/>\n<meta property=\"og:title\" content=\"Inicio - Gozanena SL\" \/>\n<meta property=\"og:description\" content=\"BAR GOZANENA SOBRE NOSOTROS En pleno coraz\u00f3n de la Asociaci\u00f3n de Jubilados de Larratxo, nuestro bar se dedica a ofrecer alimentaci\u00f3n de calidad en un ambiente cercano y familiar. Desde hace a\u00f1os, nos esforzamos por crear un espacio donde disfrutar de buenos momentos mientras saboreas nuestros productos. Nuestra propuesta incluye pintxos calientes, raciones, cazuelitas, platos [&hellip;]\" \/>\n<meta property=\"og:url\" content=\"https:\/\/gozanenasl.com\/eu\/\" \/>\n<meta property=\"og:site_name\" content=\"Gozanena SL\" \/>\n<meta property=\"article:modified_time\" content=\"2026-02-24T12:35:09+00:00\" \/>\n<meta name=\"twitter:card\" content=\"summary_large_image\" \/>\n<meta name=\"twitter:label1\" content=\"Est. reading time\" \/>\n\t<meta name=\"twitter:data1\" content=\"1 minutua\" \/>\n<script type=\"application\/ld+json\" class=\"yoast-schema-graph\">{\"@context\":\"https:\\\/\\\/schema.org\",\"@graph\":[{\"@type\":\"WebPage\",\"@id\":\"https:\\\/\\\/gozanenasl.com\\\/\",\"url\":\"https:\\\/\\\/gozanenasl.com\\\/\",\"name\":\"Inicio - Gozanena SL\",\"isPartOf\":{\"@id\":\"https:\\\/\\\/gozanenasl.com\\\/#website\"},\"datePublished\":\"2026-02-09T17:30:21+00:00\",\"dateModified\":\"2026-02-24T12:35:09+00:00\",\"breadcrumb\":{\"@id\":\"https:\\\/\\\/gozanenasl.com\\\/#breadcrumb\"},\"inLanguage\":\"eu\",\"potentialAction\":[{\"@type\":\"ReadAction\",\"target\":[\"https:\\\/\\\/gozanenasl.com\\\/\"]}]},{\"@type\":\"BreadcrumbList\",\"@id\":\"https:\\\/\\\/gozanenasl.com\\\/#breadcrumb\",\"itemListElement\":[{\"@type\":\"ListItem\",\"position\":1,\"name\":\"Portada\",\"item\":\"https:\\\/\\\/gozanenasl.com\\\/\"},{\"@type\":\"ListItem\",\"position\":2,\"name\":\"Inicio\"}]},{\"@type\":\"WebSite\",\"@id\":\"https:\\\/\\\/gozanenasl.com\\\/#website\",\"url\":\"https:\\\/\\\/gozanenasl.com\\\/\",\"name\":\"Gozanena SL\",\"description\":\"Restaurante\",\"publisher\":{\"@id\":\"https:\\\/\\\/gozanenasl.com\\\/#organization\"},\"potentialAction\":[{\"@type\":\"SearchAction\",\"target\":{\"@type\":\"EntryPoint\",\"urlTemplate\":\"https:\\\/\\\/gozanenasl.com\\\/?s={search_term_string}\"},\"query-input\":{\"@type\":\"PropertyValueSpecification\",\"valueRequired\":true,\"valueName\":\"search_term_string\"}}],\"inLanguage\":\"eu\"},{\"@type\":\"Organization\",\"@id\":\"https:\\\/\\\/gozanenasl.com\\\/#organization\",\"name\":\"Gozanena SL\",\"url\":\"https:\\\/\\\/gozanenasl.com\\\/\",\"logo\":{\"@type\":\"ImageObject\",\"inLanguage\":\"eu\",\"@id\":\"https:\\\/\\\/gozanenasl.com\\\/#\\\/schema\\\/logo\\\/image\\\/\",\"url\":\"https:\\\/\\\/gozanenasl.com\\\/wp-content\\\/uploads\\\/2026\\\/02\\\/cropped-Gozanena-LOGO.png\",\"contentUrl\":\"https:\\\/\\\/gozanenasl.com\\\/wp-content\\\/uploads\\\/2026\\\/02\\\/cropped-Gozanena-LOGO.png\",\"width\":512,\"height\":512,\"caption\":\"Gozanena SL\"},\"image\":{\"@id\":\"https:\\\/\\\/gozanenasl.com\\\/#\\\/schema\\\/logo\\\/image\\\/\"}}]}<\/script>\n<!-- \/ Yoast SEO plugin. -->","yoast_head_json":{"title":"Inicio - Gozanena SL","robots":{"index":"index","follow":"follow","max-snippet":"max-snippet:-1","max-image-preview":"max-image-preview:large","max-video-preview":"max-video-preview:-1"},"canonical":"https:\/\/gozanenasl.com\/eu\/","og_locale":"en_US","og_type":"article","og_title":"Inicio - Gozanena SL","og_description":"BAR GOZANENA SOBRE NOSOTROS En pleno coraz\u00f3n de la Asociaci\u00f3n de Jubilados de Larratxo, nuestro bar se dedica a ofrecer alimentaci\u00f3n de calidad en un ambiente cercano y familiar. Desde hace a\u00f1os, nos esforzamos por crear un espacio donde disfrutar de buenos momentos mientras saboreas nuestros productos. Nuestra propuesta incluye pintxos calientes, raciones, cazuelitas, platos [&hellip;]","og_url":"https:\/\/gozanenasl.com\/eu\/","og_site_name":"Gozanena SL","article_modified_time":"2026-02-24T12:35:09+00:00","twitter_card":"summary_large_image","twitter_misc":{"Est. reading time":"1 minutua"},"schema":{"@context":"https:\/\/schema.org","@graph":[{"@type":"WebPage","@id":"https:\/\/gozanenasl.com\/","url":"https:\/\/gozanenasl.com\/","name":"Inicio - Gozanena SL","isPartOf":{"@id":"https:\/\/gozanenasl.com\/#website"},"datePublished":"2026-02-09T17:30:21+00:00","dateModified":"2026-02-24T12:35:09+00:00","breadcrumb":{"@id":"https:\/\/gozanenasl.com\/#breadcrumb"},"inLanguage":"eu","potentialAction":[{"@type":"ReadAction","target":["https:\/\/gozanenasl.com\/"]}]},{"@type":"BreadcrumbList","@id":"https:\/\/gozanenasl.com\/#breadcrumb","itemListElement":[{"@type":"ListItem","position":1,"name":"Portada","item":"https:\/\/gozanenasl.com\/"},{"@type":"ListItem","position":2,"name":"Inicio"}]},{"@type":"WebSite","@id":"https:\/\/gozanenasl.com\/#website","url":"https:\/\/gozanenasl.com\/","name":"Gozanena SL","description":"Restaurante","publisher":{"@id":"https:\/\/gozanenasl.com\/#organization"},"potentialAction":[{"@type":"SearchAction","target":{"@type":"EntryPoint","urlTemplate":"https:\/\/gozanenasl.com\/?s={search_term_string}"},"query-input":{"@type":"PropertyValueSpecification","valueRequired":true,"valueName":"search_term_string"}}],"inLanguage":"eu"},{"@type":"Organization","@id":"https:\/\/gozanenasl.com\/#organization","name":"Gozanena SL","url":"https:\/\/gozanenasl.com\/","logo":{"@type":"ImageObject","inLanguage":"eu","@id":"https:\/\/gozanenasl.com\/#\/schema\/logo\/image\/","url":"https:\/\/gozanenasl.com\/wp-content\/uploads\/2026\/02\/cropped-Gozanena-LOGO.png","contentUrl":"https:\/\/gozanenasl.com\/wp-content\/uploads\/2026\/02\/cropped-Gozanena-LOGO.png","width":512,"height":512,"caption":"Gozanena SL"},"image":{"@id":"https:\/\/gozanenasl.com\/#\/schema\/logo\/image\/"}}]}},"_links":{"self":[{"href":"https:\/\/gozanenasl.com\/eu\/wp-json\/wp\/v2\/pages\/10","targetHints":{"allow":["GET"]}}],"collection":[{"href":"https:\/\/gozanenasl.com\/eu\/wp-json\/wp\/v2\/pages"}],"about":[{"href":"https:\/\/gozanenasl.com\/eu\/wp-json\/wp\/v2\/types\/page"}],"author":[{"embeddable":true,"href":"https:\/\/gozanenasl.com\/eu\/wp-json\/wp\/v2\/users\/1"}],"replies":[{"embeddable":true,"href":"https:\/\/gozanenasl.com\/eu\/wp-json\/wp\/v2\/comments?post=10"}],"version-history":[{"count":178,"href":"https:\/\/gozanenasl.com\/eu\/wp-json\/wp\/v2\/pages\/10\/revisions"}],"predecessor-version":[{"id":823,"href":"https:\/\/gozanenasl.com\/eu\/wp-json\/wp\/v2\/pages\/10\/revisions\/823"}],"wp:attachment":[{"href":"https:\/\/gozanenasl.com\/eu\/wp-json\/wp\/v2\/media?parent=10"}],"curies":[{"name":"wp","href":"https:\/\/api.w.org\/{rel}","templated":true}]}}