{"id":13,"date":"2026-02-09T17:31:54","date_gmt":"2026-02-09T17:31:54","guid":{"rendered":"https:\/\/gozanenasl.rkinformatika.online\/?page_id=13"},"modified":"2026-02-24T12:12:25","modified_gmt":"2026-02-24T12:12:25","slug":"servicios","status":"publish","type":"page","link":"https:\/\/gozanenasl.com\/eu\/servicios\/","title":{"rendered":"Zerbitzuak"},"content":{"rendered":"<div data-elementor-type=\"wp-page\" data-elementor-id=\"13\" class=\"elementor elementor-13\" data-elementor-post-type=\"page\">\n\t\t\t\t<div class=\"elementor-element elementor-element-b3e7a3f e-flex e-con-boxed e-con e-parent\" data-id=\"b3e7a3f\" data-element_type=\"container\" data-e-type=\"container\" data-settings=\"{&quot;background_background&quot;:&quot;classic&quot;}\">\n\t\t\t\t\t<div class=\"e-con-inner\">\n\t\t\t\t\t<\/div>\n\t\t\t\t<\/div>\n\t\t<div class=\"elementor-element elementor-element-2ee7986 e-flex e-con-boxed e-con e-parent\" data-id=\"2ee7986\" data-element_type=\"container\" data-e-type=\"container\">\n\t\t\t\t\t<div class=\"e-con-inner\">\n\t\t\t\t<div class=\"elementor-element elementor-element-4f35128 elementor-widget elementor-widget-heading\" data-id=\"4f35128\" data-element_type=\"widget\" data-e-type=\"widget\" data-widget_type=\"heading.default\">\n\t\t\t\t\t<h2 class=\"elementor-heading-title elementor-size-default\">Comida casera y m\u00e1s<\/h2>\t\t\t\t<\/div>\n\t\t\t\t\t<\/div>\n\t\t\t\t<\/div>\n\t\t<div class=\"elementor-element elementor-element-d1987f5 e-flex e-con-boxed e-con e-parent\" data-id=\"d1987f5\" data-element_type=\"container\" data-e-type=\"container\">\n\t\t\t\t\t<div class=\"e-con-inner\">\n\t\t<div class=\"elementor-element elementor-element-ec915a9 e-con-full e-flex e-con e-child\" data-id=\"ec915a9\" data-element_type=\"container\" data-e-type=\"container\" data-settings=\"{&quot;background_background&quot;:&quot;classic&quot;}\">\n\t\t\t\t<div class=\"elementor-element elementor-element-6dbbdee elementor-widget elementor-widget-heading\" data-id=\"6dbbdee\" data-element_type=\"widget\" data-e-type=\"widget\" data-widget_type=\"heading.default\">\n\t\t\t\t\t<h2 class=\"elementor-heading-title elementor-size-default\">Pintxos calientes<\/h2>\t\t\t\t<\/div>\n\t\t\t\t<div class=\"elementor-element elementor-element-c67c549 elementor-widget elementor-widget-image\" data-id=\"c67c549\" data-element_type=\"widget\" data-e-type=\"widget\" data-widget_type=\"image.default\">\n\t\t\t\t\t\t\t\t\t\t\t\t\t\t\t<img fetchpriority=\"high\" decoding=\"async\" width=\"671\" height=\"673\" src=\"https:\/\/gozanenasl.com\/wp-content\/uploads\/2026\/02\/Captura-desde-2026-02-24-10-56-01.png\" class=\"attachment-large size-large wp-image-347\" alt=\"\" srcset=\"https:\/\/gozanenasl.com\/wp-content\/uploads\/2026\/02\/Captura-desde-2026-02-24-10-56-01.png 671w, https:\/\/gozanenasl.com\/wp-content\/uploads\/2026\/02\/Captura-desde-2026-02-24-10-56-01-300x300.png 300w, https:\/\/gozanenasl.com\/wp-content\/uploads\/2026\/02\/Captura-desde-2026-02-24-10-56-01-150x150.png 150w, https:\/\/gozanenasl.com\/wp-content\/uploads\/2026\/02\/Captura-desde-2026-02-24-10-56-01-12x12.png 12w\" sizes=\"(max-width: 671px) 100vw, 671px\" \/>\t\t\t\t\t\t\t\t\t\t\t\t\t\t\t<\/div>\n\t\t\t\t<\/div>\n\t\t<div class=\"elementor-element elementor-element-d57b035 e-con-full e-flex e-con e-child\" data-id=\"d57b035\" data-element_type=\"container\" data-e-type=\"container\" data-settings=\"{&quot;background_background&quot;:&quot;classic&quot;}\">\n\t\t\t\t<div class=\"elementor-element elementor-element-72ed5c3 elementor-widget elementor-widget-heading\" data-id=\"72ed5c3\" data-element_type=\"widget\" data-e-type=\"widget\" data-widget_type=\"heading.default\">\n\t\t\t\t\t<h2 class=\"elementor-heading-title elementor-size-default\">Raciones<\/h2>\t\t\t\t<\/div>\n\t\t\t\t<div class=\"elementor-element elementor-element-cf9a138 elementor-widget elementor-widget-image\" data-id=\"cf9a138\" data-element_type=\"widget\" data-e-type=\"widget\" data-widget_type=\"image.default\">\n\t\t\t\t\t\t\t\t\t\t\t\t\t\t\t<img decoding=\"async\" width=\"671\" height=\"673\" src=\"https:\/\/gozanenasl.com\/wp-content\/uploads\/2026\/02\/Captura-desde-2026-02-24-11-05-09.png\" class=\"attachment-large size-large wp-image-355\" alt=\"\" srcset=\"https:\/\/gozanenasl.com\/wp-content\/uploads\/2026\/02\/Captura-desde-2026-02-24-11-05-09.png 671w, https:\/\/gozanenasl.com\/wp-content\/uploads\/2026\/02\/Captura-desde-2026-02-24-11-05-09-300x300.png 300w, https:\/\/gozanenasl.com\/wp-content\/uploads\/2026\/02\/Captura-desde-2026-02-24-11-05-09-150x150.png 150w, https:\/\/gozanenasl.com\/wp-content\/uploads\/2026\/02\/Captura-desde-2026-02-24-11-05-09-12x12.png 12w\" sizes=\"(max-width: 671px) 100vw, 671px\" \/>\t\t\t\t\t\t\t\t\t\t\t\t\t\t\t<\/div>\n\t\t\t\t<\/div>\n\t\t<div class=\"elementor-element elementor-element-95fe1a2 e-con-full e-flex e-con e-child\" data-id=\"95fe1a2\" data-element_type=\"container\" data-e-type=\"container\" data-settings=\"{&quot;background_background&quot;:&quot;classic&quot;}\">\n\t\t\t\t<div class=\"elementor-element elementor-element-29a1310 elementor-widget elementor-widget-heading\" data-id=\"29a1310\" data-element_type=\"widget\" data-e-type=\"widget\" data-widget_type=\"heading.default\">\n\t\t\t\t\t<h2 class=\"elementor-heading-title elementor-size-default\">Cazuelitas<\/h2>\t\t\t\t<\/div>\n\t\t\t\t<div class=\"elementor-element elementor-element-64601ae elementor-widget elementor-widget-image\" data-id=\"64601ae\" data-element_type=\"widget\" data-e-type=\"widget\" data-widget_type=\"image.default\">\n\t\t\t\t\t\t\t\t\t\t\t\t\t\t\t<img decoding=\"async\" width=\"671\" height=\"673\" src=\"https:\/\/gozanenasl.com\/wp-content\/uploads\/2026\/02\/Captura-desde-2026-02-24-10-57-11.png\" class=\"attachment-large size-large wp-image-351\" alt=\"\" srcset=\"https:\/\/gozanenasl.com\/wp-content\/uploads\/2026\/02\/Captura-desde-2026-02-24-10-57-11.png 671w, https:\/\/gozanenasl.com\/wp-content\/uploads\/2026\/02\/Captura-desde-2026-02-24-10-57-11-300x300.png 300w, https:\/\/gozanenasl.com\/wp-content\/uploads\/2026\/02\/Captura-desde-2026-02-24-10-57-11-150x150.png 150w, https:\/\/gozanenasl.com\/wp-content\/uploads\/2026\/02\/Captura-desde-2026-02-24-10-57-11-12x12.png 12w\" sizes=\"(max-width: 671px) 100vw, 671px\" \/>\t\t\t\t\t\t\t\t\t\t\t\t\t\t\t<\/div>\n\t\t\t\t<\/div>\n\t\t<div class=\"elementor-element elementor-element-8e2bc9b e-con-full e-flex e-con e-child\" data-id=\"8e2bc9b\" data-element_type=\"container\" data-e-type=\"container\" data-settings=\"{&quot;background_background&quot;:&quot;classic&quot;}\">\n\t\t\t\t<div class=\"elementor-element elementor-element-8e1c69c elementor-widget elementor-widget-heading\" data-id=\"8e1c69c\" data-element_type=\"widget\" data-e-type=\"widget\" data-widget_type=\"heading.default\">\n\t\t\t\t\t<h2 class=\"elementor-heading-title elementor-size-default\">Platos combinados\n<\/h2>\t\t\t\t<\/div>\n\t\t\t\t<div class=\"elementor-element elementor-element-da78fe5 elementor-widget elementor-widget-image\" data-id=\"da78fe5\" data-element_type=\"widget\" data-e-type=\"widget\" data-widget_type=\"image.default\">\n\t\t\t\t\t\t\t\t\t\t\t\t\t\t\t<img loading=\"lazy\" decoding=\"async\" width=\"671\" height=\"673\" src=\"https:\/\/gozanenasl.com\/wp-content\/uploads\/2026\/02\/Captura-desde-2026-02-24-10-56-13.png\" class=\"attachment-large size-large wp-image-348\" alt=\"\" srcset=\"https:\/\/gozanenasl.com\/wp-content\/uploads\/2026\/02\/Captura-desde-2026-02-24-10-56-13.png 671w, https:\/\/gozanenasl.com\/wp-content\/uploads\/2026\/02\/Captura-desde-2026-02-24-10-56-13-300x300.png 300w, https:\/\/gozanenasl.com\/wp-content\/uploads\/2026\/02\/Captura-desde-2026-02-24-10-56-13-150x150.png 150w, https:\/\/gozanenasl.com\/wp-content\/uploads\/2026\/02\/Captura-desde-2026-02-24-10-56-13-12x12.png 12w\" sizes=\"(max-width: 671px) 100vw, 671px\" \/>\t\t\t\t\t\t\t\t\t\t\t\t\t\t\t<\/div>\n\t\t\t\t<\/div>\n\t\t\t\t\t<\/div>\n\t\t\t\t<\/div>\n\t\t<div class=\"elementor-element elementor-element-400cc49 e-flex e-con-boxed e-con e-parent\" data-id=\"400cc49\" data-element_type=\"container\" data-e-type=\"container\">\n\t\t\t\t\t<div class=\"e-con-inner\">\n\t\t<div class=\"elementor-element elementor-element-6f7b798 e-con-full e-flex e-con e-child\" data-id=\"6f7b798\" data-element_type=\"container\" data-e-type=\"container\" data-settings=\"{&quot;background_background&quot;:&quot;classic&quot;}\">\n\t\t\t\t<div class=\"elementor-element elementor-element-3bd13c1 elementor-widget elementor-widget-heading\" data-id=\"3bd13c1\" data-element_type=\"widget\" data-e-type=\"widget\" data-widget_type=\"heading.default\">\n\t\t\t\t\t<h2 class=\"elementor-heading-title elementor-size-default\">Bocadillos<\/h2>\t\t\t\t<\/div>\n\t\t\t\t<div class=\"elementor-element elementor-element-e7329cc elementor-widget elementor-widget-image\" data-id=\"e7329cc\" data-element_type=\"widget\" data-e-type=\"widget\" data-widget_type=\"image.default\">\n\t\t\t\t\t\t\t\t\t\t\t\t\t\t\t<img loading=\"lazy\" decoding=\"async\" width=\"671\" height=\"673\" src=\"https:\/\/gozanenasl.com\/wp-content\/uploads\/2026\/02\/Captura-desde-2026-02-24-10-57-27.png\" class=\"attachment-large size-large wp-image-352\" alt=\"\" srcset=\"https:\/\/gozanenasl.com\/wp-content\/uploads\/2026\/02\/Captura-desde-2026-02-24-10-57-27.png 671w, https:\/\/gozanenasl.com\/wp-content\/uploads\/2026\/02\/Captura-desde-2026-02-24-10-57-27-300x300.png 300w, https:\/\/gozanenasl.com\/wp-content\/uploads\/2026\/02\/Captura-desde-2026-02-24-10-57-27-150x150.png 150w, https:\/\/gozanenasl.com\/wp-content\/uploads\/2026\/02\/Captura-desde-2026-02-24-10-57-27-12x12.png 12w\" sizes=\"(max-width: 671px) 100vw, 671px\" \/>\t\t\t\t\t\t\t\t\t\t\t\t\t\t\t<\/div>\n\t\t\t\t<\/div>\n\t\t<div class=\"elementor-element elementor-element-9e8073d e-con-full e-flex e-con e-child\" data-id=\"9e8073d\" data-element_type=\"container\" data-e-type=\"container\" data-settings=\"{&quot;background_background&quot;:&quot;classic&quot;}\">\n\t\t\t\t<div class=\"elementor-element elementor-element-a77947e elementor-widget elementor-widget-heading\" data-id=\"a77947e\" data-element_type=\"widget\" data-e-type=\"widget\" data-widget_type=\"heading.default\">\n\t\t\t\t\t<h2 class=\"elementor-heading-title elementor-size-default\">Tortillas por encargo<\/h2>\t\t\t\t<\/div>\n\t\t\t\t<div class=\"elementor-element elementor-element-1056ba0 elementor-widget elementor-widget-image\" data-id=\"1056ba0\" data-element_type=\"widget\" data-e-type=\"widget\" data-widget_type=\"image.default\">\n\t\t\t\t\t\t\t\t\t\t\t\t\t\t\t<img loading=\"lazy\" decoding=\"async\" width=\"671\" height=\"673\" src=\"https:\/\/gozanenasl.com\/wp-content\/uploads\/2026\/02\/Captura-desde-2026-02-24-10-56-59.png\" class=\"attachment-large size-large wp-image-350\" alt=\"\" srcset=\"https:\/\/gozanenasl.com\/wp-content\/uploads\/2026\/02\/Captura-desde-2026-02-24-10-56-59.png 671w, https:\/\/gozanenasl.com\/wp-content\/uploads\/2026\/02\/Captura-desde-2026-02-24-10-56-59-300x300.png 300w, https:\/\/gozanenasl.com\/wp-content\/uploads\/2026\/02\/Captura-desde-2026-02-24-10-56-59-150x150.png 150w, https:\/\/gozanenasl.com\/wp-content\/uploads\/2026\/02\/Captura-desde-2026-02-24-10-56-59-12x12.png 12w\" sizes=\"(max-width: 671px) 100vw, 671px\" \/>\t\t\t\t\t\t\t\t\t\t\t\t\t\t\t<\/div>\n\t\t\t\t<\/div>\n\t\t<div class=\"elementor-element elementor-element-7b55976 e-con-full e-flex e-con e-child\" data-id=\"7b55976\" data-element_type=\"container\" data-e-type=\"container\" data-settings=\"{&quot;background_background&quot;:&quot;classic&quot;}\">\n\t\t\t\t<div class=\"elementor-element elementor-element-51c1643 elementor-widget elementor-widget-heading\" data-id=\"51c1643\" data-element_type=\"widget\" data-e-type=\"widget\" data-widget_type=\"heading.default\">\n\t\t\t\t\t<h2 class=\"elementor-heading-title elementor-size-default\">Pollos asados por encargo<\/h2>\t\t\t\t<\/div>\n\t\t\t\t<div class=\"elementor-element elementor-element-4c2e250 elementor-widget elementor-widget-image\" data-id=\"4c2e250\" data-element_type=\"widget\" data-e-type=\"widget\" data-widget_type=\"image.default\">\n\t\t\t\t\t\t\t\t\t\t\t\t\t\t\t<img loading=\"lazy\" decoding=\"async\" width=\"671\" height=\"673\" src=\"https:\/\/gozanenasl.com\/wp-content\/uploads\/2026\/02\/Captura-desde-2026-02-24-10-56-30.png\" class=\"attachment-large size-large wp-image-349\" alt=\"\" srcset=\"https:\/\/gozanenasl.com\/wp-content\/uploads\/2026\/02\/Captura-desde-2026-02-24-10-56-30.png 671w, https:\/\/gozanenasl.com\/wp-content\/uploads\/2026\/02\/Captura-desde-2026-02-24-10-56-30-300x300.png 300w, https:\/\/gozanenasl.com\/wp-content\/uploads\/2026\/02\/Captura-desde-2026-02-24-10-56-30-150x150.png 150w, https:\/\/gozanenasl.com\/wp-content\/uploads\/2026\/02\/Captura-desde-2026-02-24-10-56-30-12x12.png 12w\" sizes=\"(max-width: 671px) 100vw, 671px\" \/>\t\t\t\t\t\t\t\t\t\t\t\t\t\t\t<\/div>\n\t\t\t\t<\/div>\n\t\t<div class=\"elementor-element elementor-element-2615bd5 e-con-full e-flex e-con e-child\" data-id=\"2615bd5\" data-element_type=\"container\" data-e-type=\"container\" data-settings=\"{&quot;background_background&quot;:&quot;classic&quot;}\">\n\t\t\t\t<div class=\"elementor-element elementor-element-48f674e elementor-widget elementor-widget-heading\" data-id=\"48f674e\" data-element_type=\"widget\" data-e-type=\"widget\" data-widget_type=\"heading.default\">\n\t\t\t\t\t<h2 class=\"elementor-heading-title elementor-size-default\">Men\u00fa del d\u00eda<\/h2>\t\t\t\t<\/div>\n\t\t\t\t<div class=\"elementor-element elementor-element-eb14c7b elementor-widget elementor-widget-image\" data-id=\"eb14c7b\" data-element_type=\"widget\" data-e-type=\"widget\" data-widget_type=\"image.default\">\n\t\t\t\t\t\t\t\t\t\t\t\t\t\t\t<img loading=\"lazy\" decoding=\"async\" width=\"671\" height=\"673\" src=\"https:\/\/gozanenasl.com\/wp-content\/uploads\/2026\/02\/Captura-desde-2026-02-24-11-03-39.png\" class=\"attachment-large size-large wp-image-354\" alt=\"\" srcset=\"https:\/\/gozanenasl.com\/wp-content\/uploads\/2026\/02\/Captura-desde-2026-02-24-11-03-39.png 671w, https:\/\/gozanenasl.com\/wp-content\/uploads\/2026\/02\/Captura-desde-2026-02-24-11-03-39-300x300.png 300w, https:\/\/gozanenasl.com\/wp-content\/uploads\/2026\/02\/Captura-desde-2026-02-24-11-03-39-150x150.png 150w, https:\/\/gozanenasl.com\/wp-content\/uploads\/2026\/02\/Captura-desde-2026-02-24-11-03-39-12x12.png 12w\" sizes=\"(max-width: 671px) 100vw, 671px\" \/>\t\t\t\t\t\t\t\t\t\t\t\t\t\t\t<\/div>\n\t\t\t\t<\/div>\n\t\t\t\t\t<\/div>\n\t\t\t\t<\/div>\n\t\t<div class=\"elementor-element elementor-element-8bfdb9a e-flex e-con-boxed e-con e-parent\" data-id=\"8bfdb9a\" data-element_type=\"container\" data-e-type=\"container\" data-settings=\"{&quot;background_background&quot;:&quot;classic&quot;}\">\n\t\t\t\t\t<div class=\"e-con-inner\">\n\t\t\t\t<div class=\"elementor-element elementor-element-f8c15f4 elementor-widget elementor-widget-heading\" data-id=\"f8c15f4\" data-element_type=\"widget\" data-e-type=\"widget\" data-widget_type=\"heading.default\">\n\t\t\t\t\t<h2 class=\"elementor-heading-title elementor-size-default\">Aqu\u00ed siempre hay un plato caliente y buena compa\u00f1\u00eda. Ven a visitarnos.<\/h2>\t\t\t\t<\/div>\n\t\t\t\t<div class=\"elementor-element elementor-element-7bfc40c elementor-align-center elementor-widget elementor-widget-button\" data-id=\"7bfc40c\" data-element_type=\"widget\" data-e-type=\"widget\" data-widget_type=\"button.default\">\n\t\t\t\t\t\t\t\t\t\t<a class=\"elementor-button elementor-button-link elementor-size-sm elementor-animation-push\" href=\"\/eu\/contacto\/\">\n\t\t\t\t\t\t<span class=\"elementor-button-content-wrapper\">\n\t\t\t\t\t\t\t\t\t<span class=\"elementor-button-text\">Kontaktua<\/span>\n\t\t\t\t\t<\/span>\n\t\t\t\t\t<\/a>\n\t\t\t\t\t\t\t\t<\/div>\n\t\t\t\t\t<\/div>\n\t\t\t\t<\/div>\n\t\t\t\t<\/div>","protected":false},"excerpt":{"rendered":"<p>Comida casera y m\u00e1s Pintxos calientes Raciones Cazuelitas Platos combinados Bocadillos Tortillas por encargo Pollos asados por encargo Men\u00fa del d\u00eda Aqu\u00ed siempre hay un plato caliente y buena compa\u00f1\u00eda. Ven a visitarnos. Contacto<\/p>","protected":false},"author":1,"featured_media":0,"parent":0,"menu_order":0,"comment_status":"closed","ping_status":"closed","template":"elementor_canvas","meta":{"footnotes":""},"class_list":["post-13","page","type-page","status-publish","hentry"],"yoast_head":"<!-- This site is optimized with the Yoast SEO plugin v27.3 - https:\/\/yoast.com\/product\/yoast-seo-wordpress\/ -->\n<title>Servicios - Gozanena SL<\/title>\n<meta name=\"robots\" content=\"index, follow, max-snippet:-1, max-image-preview:large, max-video-preview:-1\" \/>\n<link rel=\"canonical\" href=\"https:\/\/gozanenasl.com\/eu\/servicios\/\" \/>\n<meta property=\"og:locale\" content=\"en_US\" \/>\n<meta property=\"og:type\" content=\"article\" \/>\n<meta property=\"og:title\" content=\"Servicios - Gozanena SL\" \/>\n<meta property=\"og:description\" content=\"Comida casera y m\u00e1s Pintxos calientes Raciones Cazuelitas Platos combinados Bocadillos Tortillas por encargo Pollos asados por encargo Men\u00fa del d\u00eda Aqu\u00ed siempre hay un plato caliente y buena compa\u00f1\u00eda. Ven a visitarnos. Contacto\" \/>\n<meta property=\"og:url\" content=\"https:\/\/gozanenasl.com\/eu\/servicios\/\" \/>\n<meta property=\"og:site_name\" content=\"Gozanena SL\" \/>\n<meta property=\"article:modified_time\" content=\"2026-02-24T12:12:25+00:00\" \/>\n<meta property=\"og:image\" content=\"https:\/\/gozanenasl.com\/wp-content\/uploads\/2026\/02\/Captura-desde-2026-02-24-10-56-01.png\" \/>\n<meta name=\"twitter:card\" content=\"summary_large_image\" \/>\n<meta name=\"twitter:label1\" content=\"Est. reading time\" \/>\n\t<meta name=\"twitter:data1\" content=\"1 minutua\" \/>\n<script type=\"application\/ld+json\" class=\"yoast-schema-graph\">{\"@context\":\"https:\\\/\\\/schema.org\",\"@graph\":[{\"@type\":\"WebPage\",\"@id\":\"https:\\\/\\\/gozanenasl.com\\\/servicios\\\/\",\"url\":\"https:\\\/\\\/gozanenasl.com\\\/servicios\\\/\",\"name\":\"Servicios - Gozanena SL\",\"isPartOf\":{\"@id\":\"https:\\\/\\\/gozanenasl.com\\\/#website\"},\"primaryImageOfPage\":{\"@id\":\"https:\\\/\\\/gozanenasl.com\\\/servicios\\\/#primaryimage\"},\"image\":{\"@id\":\"https:\\\/\\\/gozanenasl.com\\\/servicios\\\/#primaryimage\"},\"thumbnailUrl\":\"https:\\\/\\\/gozanenasl.com\\\/wp-content\\\/uploads\\\/2026\\\/02\\\/Captura-desde-2026-02-24-10-56-01.png\",\"datePublished\":\"2026-02-09T17:31:54+00:00\",\"dateModified\":\"2026-02-24T12:12:25+00:00\",\"breadcrumb\":{\"@id\":\"https:\\\/\\\/gozanenasl.com\\\/servicios\\\/#breadcrumb\"},\"inLanguage\":\"eu\",\"potentialAction\":[{\"@type\":\"ReadAction\",\"target\":[\"https:\\\/\\\/gozanenasl.com\\\/servicios\\\/\"]}]},{\"@type\":\"ImageObject\",\"inLanguage\":\"eu\",\"@id\":\"https:\\\/\\\/gozanenasl.com\\\/servicios\\\/#primaryimage\",\"url\":\"https:\\\/\\\/gozanenasl.com\\\/wp-content\\\/uploads\\\/2026\\\/02\\\/Captura-desde-2026-02-24-10-56-01.png\",\"contentUrl\":\"https:\\\/\\\/gozanenasl.com\\\/wp-content\\\/uploads\\\/2026\\\/02\\\/Captura-desde-2026-02-24-10-56-01.png\"},{\"@type\":\"BreadcrumbList\",\"@id\":\"https:\\\/\\\/gozanenasl.com\\\/servicios\\\/#breadcrumb\",\"itemListElement\":[{\"@type\":\"ListItem\",\"position\":1,\"name\":\"Portada\",\"item\":\"https:\\\/\\\/gozanenasl.com\\\/\"},{\"@type\":\"ListItem\",\"position\":2,\"name\":\"Servicios\"}]},{\"@type\":\"WebSite\",\"@id\":\"https:\\\/\\\/gozanenasl.com\\\/#website\",\"url\":\"https:\\\/\\\/gozanenasl.com\\\/\",\"name\":\"Gozanena SL\",\"description\":\"Restaurante\",\"publisher\":{\"@id\":\"https:\\\/\\\/gozanenasl.com\\\/#organization\"},\"potentialAction\":[{\"@type\":\"SearchAction\",\"target\":{\"@type\":\"EntryPoint\",\"urlTemplate\":\"https:\\\/\\\/gozanenasl.com\\\/?s={search_term_string}\"},\"query-input\":{\"@type\":\"PropertyValueSpecification\",\"valueRequired\":true,\"valueName\":\"search_term_string\"}}],\"inLanguage\":\"eu\"},{\"@type\":\"Organization\",\"@id\":\"https:\\\/\\\/gozanenasl.com\\\/#organization\",\"name\":\"Gozanena SL\",\"url\":\"https:\\\/\\\/gozanenasl.com\\\/\",\"logo\":{\"@type\":\"ImageObject\",\"inLanguage\":\"eu\",\"@id\":\"https:\\\/\\\/gozanenasl.com\\\/#\\\/schema\\\/logo\\\/image\\\/\",\"url\":\"https:\\\/\\\/gozanenasl.com\\\/wp-content\\\/uploads\\\/2026\\\/02\\\/cropped-Gozanena-LOGO.png\",\"contentUrl\":\"https:\\\/\\\/gozanenasl.com\\\/wp-content\\\/uploads\\\/2026\\\/02\\\/cropped-Gozanena-LOGO.png\",\"width\":512,\"height\":512,\"caption\":\"Gozanena SL\"},\"image\":{\"@id\":\"https:\\\/\\\/gozanenasl.com\\\/#\\\/schema\\\/logo\\\/image\\\/\"}}]}<\/script>\n<!-- \/ Yoast SEO plugin. -->","yoast_head_json":{"title":"Servicios - Gozanena SL","robots":{"index":"index","follow":"follow","max-snippet":"max-snippet:-1","max-image-preview":"max-image-preview:large","max-video-preview":"max-video-preview:-1"},"canonical":"https:\/\/gozanenasl.com\/eu\/servicios\/","og_locale":"en_US","og_type":"article","og_title":"Servicios - Gozanena SL","og_description":"Comida casera y m\u00e1s Pintxos calientes Raciones Cazuelitas Platos combinados Bocadillos Tortillas por encargo Pollos asados por encargo Men\u00fa del d\u00eda Aqu\u00ed siempre hay un plato caliente y buena compa\u00f1\u00eda. Ven a visitarnos. Contacto","og_url":"https:\/\/gozanenasl.com\/eu\/servicios\/","og_site_name":"Gozanena SL","article_modified_time":"2026-02-24T12:12:25+00:00","og_image":[{"url":"https:\/\/gozanenasl.com\/wp-content\/uploads\/2026\/02\/Captura-desde-2026-02-24-10-56-01.png","type":"","width":"","height":""}],"twitter_card":"summary_large_image","twitter_misc":{"Est. reading time":"1 minutua"},"schema":{"@context":"https:\/\/schema.org","@graph":[{"@type":"WebPage","@id":"https:\/\/gozanenasl.com\/servicios\/","url":"https:\/\/gozanenasl.com\/servicios\/","name":"Servicios - Gozanena SL","isPartOf":{"@id":"https:\/\/gozanenasl.com\/#website"},"primaryImageOfPage":{"@id":"https:\/\/gozanenasl.com\/servicios\/#primaryimage"},"image":{"@id":"https:\/\/gozanenasl.com\/servicios\/#primaryimage"},"thumbnailUrl":"https:\/\/gozanenasl.com\/wp-content\/uploads\/2026\/02\/Captura-desde-2026-02-24-10-56-01.png","datePublished":"2026-02-09T17:31:54+00:00","dateModified":"2026-02-24T12:12:25+00:00","breadcrumb":{"@id":"https:\/\/gozanenasl.com\/servicios\/#breadcrumb"},"inLanguage":"eu","potentialAction":[{"@type":"ReadAction","target":["https:\/\/gozanenasl.com\/servicios\/"]}]},{"@type":"ImageObject","inLanguage":"eu","@id":"https:\/\/gozanenasl.com\/servicios\/#primaryimage","url":"https:\/\/gozanenasl.com\/wp-content\/uploads\/2026\/02\/Captura-desde-2026-02-24-10-56-01.png","contentUrl":"https:\/\/gozanenasl.com\/wp-content\/uploads\/2026\/02\/Captura-desde-2026-02-24-10-56-01.png"},{"@type":"BreadcrumbList","@id":"https:\/\/gozanenasl.com\/servicios\/#breadcrumb","itemListElement":[{"@type":"ListItem","position":1,"name":"Portada","item":"https:\/\/gozanenasl.com\/"},{"@type":"ListItem","position":2,"name":"Servicios"}]},{"@type":"WebSite","@id":"https:\/\/gozanenasl.com\/#website","url":"https:\/\/gozanenasl.com\/","name":"Gozanena SL","description":"Restaurante","publisher":{"@id":"https:\/\/gozanenasl.com\/#organization"},"potentialAction":[{"@type":"SearchAction","target":{"@type":"EntryPoint","urlTemplate":"https:\/\/gozanenasl.com\/?s={search_term_string}"},"query-input":{"@type":"PropertyValueSpecification","valueRequired":true,"valueName":"search_term_string"}}],"inLanguage":"eu"},{"@type":"Organization","@id":"https:\/\/gozanenasl.com\/#organization","name":"Gozanena SL","url":"https:\/\/gozanenasl.com\/","logo":{"@type":"ImageObject","inLanguage":"eu","@id":"https:\/\/gozanenasl.com\/#\/schema\/logo\/image\/","url":"https:\/\/gozanenasl.com\/wp-content\/uploads\/2026\/02\/cropped-Gozanena-LOGO.png","contentUrl":"https:\/\/gozanenasl.com\/wp-content\/uploads\/2026\/02\/cropped-Gozanena-LOGO.png","width":512,"height":512,"caption":"Gozanena SL"},"image":{"@id":"https:\/\/gozanenasl.com\/#\/schema\/logo\/image\/"}}]}},"_links":{"self":[{"href":"https:\/\/gozanenasl.com\/eu\/wp-json\/wp\/v2\/pages\/13","targetHints":{"allow":["GET"]}}],"collection":[{"href":"https:\/\/gozanenasl.com\/eu\/wp-json\/wp\/v2\/pages"}],"about":[{"href":"https:\/\/gozanenasl.com\/eu\/wp-json\/wp\/v2\/types\/page"}],"author":[{"embeddable":true,"href":"https:\/\/gozanenasl.com\/eu\/wp-json\/wp\/v2\/users\/1"}],"replies":[{"embeddable":true,"href":"https:\/\/gozanenasl.com\/eu\/wp-json\/wp\/v2\/comments?post=13"}],"version-history":[{"count":97,"href":"https:\/\/gozanenasl.com\/eu\/wp-json\/wp\/v2\/pages\/13\/revisions"}],"predecessor-version":[{"id":760,"href":"https:\/\/gozanenasl.com\/eu\/wp-json\/wp\/v2\/pages\/13\/revisions\/760"}],"wp:attachment":[{"href":"https:\/\/gozanenasl.com\/eu\/wp-json\/wp\/v2\/media?parent=13"}],"curies":[{"name":"wp","href":"https:\/\/api.w.org\/{rel}","templated":true}]}}